{"id":5451,"date":"2020-03-27T21:14:14","date_gmt":"2020-03-27T20:14:14","guid":{"rendered":"https:\/\/avenarmand.com\/history\/discovery-and-exploration\/"},"modified":"2024-05-13T21:26:05","modified_gmt":"2024-05-13T19:26:05","slug":"discovery-and-exploration","status":"publish","type":"page","link":"https:\/\/avenarmand.com\/en\/history\/discovery-and-exploration\/","title":{"rendered":"Discovery and Exploration"},"content":{"rendered":"<p>[et_pb_section fb_built=&#8221;1&#8243; fullwidth=&#8221;on&#8221; _builder_version=&#8221;4.16&#8243; bottom_divider_style=&#8221;arrow3&#8243; bottom_divider_color=&#8221;#ffffff&#8221; global_colors_info=&#8221;{}&#8221; theme_builder_area=&#8221;post_content&#8221;][et_pb_fullwidth_slider _builder_version=&#8221;4.16&#8243; content_width=&#8221;100%&#8221; height=&#8221;500px&#8221; auto=&#8221;on&#8221; auto_speed=&#8221;4000&#8243; global_colors_info=&#8221;{}&#8221; theme_builder_area=&#8221;post_content&#8221;][et_pb_slide _builder_version=&#8221;4.16&#8243; background_color=&#8221;#e9ecef&#8221; background_enable_color=&#8221;on&#8221; background_image=&#8221;https:\/\/avenarmand.com\/wp-content\/uploads\/2020\/03\/decouverte_05.jpg&#8221; background_enable_image=&#8221;on&#8221; global_colors_info=&#8221;{}&#8221; sticky_transition=&#8221;on&#8221; theme_builder_area=&#8221;post_content&#8221;][\/et_pb_slide][et_pb_slide _builder_version=&#8221;4.16&#8243; background_color=&#8221;#e9ecef&#8221; background_enable_color=&#8221;on&#8221; background_image=&#8221;https:\/\/avenarmand.com\/wp-content\/uploads\/2020\/03\/decouverte_04.jpg&#8221; background_enable_image=&#8221;on&#8221; global_colors_info=&#8221;{}&#8221; sticky_transition=&#8221;on&#8221; theme_builder_area=&#8221;post_content&#8221;][\/et_pb_slide][et_pb_slide _builder_version=&#8221;4.16&#8243; background_color=&#8221;#e9ecef&#8221; background_enable_color=&#8221;on&#8221; background_image=&#8221;https:\/\/avenarmand.com\/wp-content\/uploads\/2020\/03\/decouverte_03.jpg&#8221; background_enable_image=&#8221;on&#8221; global_colors_info=&#8221;{}&#8221; sticky_transition=&#8221;on&#8221; theme_builder_area=&#8221;post_content&#8221;][\/et_pb_slide][et_pb_slide _builder_version=&#8221;4.16&#8243; background_color=&#8221;#e9ecef&#8221; background_enable_color=&#8221;on&#8221; background_image=&#8221;https:\/\/avenarmand.com\/wp-content\/uploads\/2020\/03\/decouverte_02.jpg&#8221; background_enable_image=&#8221;on&#8221; global_colors_info=&#8221;{}&#8221; sticky_transition=&#8221;on&#8221; theme_builder_area=&#8221;post_content&#8221;][\/et_pb_slide][et_pb_slide _builder_version=&#8221;4.16&#8243; background_color=&#8221;#e9ecef&#8221; background_enable_color=&#8221;on&#8221; background_image=&#8221;https:\/\/avenarmand.com\/wp-content\/uploads\/2020\/03\/decouverte_01.jpg&#8221; background_enable_image=&#8221;on&#8221; global_colors_info=&#8221;{}&#8221; sticky_transition=&#8221;on&#8221; theme_builder_area=&#8221;post_content&#8221;][\/et_pb_slide][et_pb_slide _builder_version=&#8221;4.16&#8243; background_color=&#8221;#e9ecef&#8221; background_enable_color=&#8221;on&#8221; background_image=&#8221;https:\/\/avenarmand.com\/wp-content\/uploads\/2020\/04\/decouverte_06.jpg&#8221; background_enable_image=&#8221;on&#8221; global_colors_info=&#8221;{}&#8221; sticky_transition=&#8221;on&#8221; theme_builder_area=&#8221;post_content&#8221;][\/et_pb_slide][\/et_pb_fullwidth_slider][\/et_pb_section][et_pb_section fb_built=&#8221;1&#8243; _builder_version=&#8221;4.16&#8243; custom_padding=&#8221;0px||||false|false&#8221; global_colors_info=&#8221;{}&#8221; theme_builder_area=&#8221;post_content&#8221;][et_pb_row _builder_version=&#8221;4.16&#8243; width_tablet=&#8221;90%&#8221; width_phone=&#8221;&#8221; width_last_edited=&#8221;on|phone&#8221; max_width=&#8221;2560px&#8221; custom_margin=&#8221;||100px||false|false&#8221; custom_padding=&#8221;0px||||false|false&#8221; global_colors_info=&#8221;{}&#8221; width__hover_enabled=&#8221;off|desktop&#8221; theme_builder_area=&#8221;post_content&#8221;][et_pb_column type=&#8221;4_4&#8243; _builder_version=&#8221;4.16&#8243; global_colors_info=&#8221;{}&#8221; theme_builder_area=&#8221;post_content&#8221;][et_pb_text _builder_version=&#8221;4.21.0&#8243; header_font=&#8221;Barlow|300||on|||||&#8221; header_text_align=&#8221;center&#8221; header_text_color=&#8221;#dfa258&#8243; header_font_size=&#8221;40px&#8221; header_letter_spacing=&#8221;5px&#8221; custom_margin=&#8221;50px||50px||true|false&#8221; global_colors_info=&#8221;{}&#8221; theme_builder_area=&#8221;post_content&#8221;]<\/p>\n<h1>Discovery and Exploration<\/h1>\n<p>[\/et_pb_text][et_pb_image src=&#8221;https:\/\/avenarmand.com\/wp-content\/uploads\/2020\/03\/AA_SEPARATEUR.jpg&#8221; align=&#8221;center&#8221; _builder_version=&#8221;4.16&#8243; global_colors_info=&#8221;{}&#8221; theme_builder_area=&#8221;post_content&#8221;][\/et_pb_image][et_pb_text _builder_version=&#8221;4.21.0&#8243; text_font=&#8221;Barlow||||||||&#8221; text_line_height=&#8221;1.8em&#8221; header_text_color=&#8221;#ffffff&#8221; header_2_text_align=&#8221;left&#8221; header_2_text_color=&#8221;#153961&#8243; header_3_text_color=&#8221;#153961&#8243; text_orientation=&#8221;justified&#8221; global_colors_info=&#8221;{}&#8221; theme_builder_area=&#8221;post_content&#8221;]<\/p>\n<h2><strong>Edouard-Alfred Martel\u2019s moment of glory<\/strong><\/h2>\n<p>Unexplored for thousands of years, the Aven Armand was an abyss, a chasm, the subject of terrifying legends like that of the devil\u2019s throat, accused of swallowing herds and lost travellers. It was Louis Armand who discovered the cave. He then explored it with Edouard-Alfred Martel, the father of speleology, and Armand Vir\u00e9, who invented cave biology, or biospeleology. Louis Armand, a blacksmith from Le Rozier, accompanied and supervised most of Edouard-Alfred Martel\u2019s subterranean expeditions for nearly 20 years. On 18 September 1897, at the H\u00f4tel des Voyageurs in Le Rozier, Louis Armand announced to Edouard-Alfred Martel, \u201cYesterday, on my way back down from La Parade, I stumbled on an enormous hole&#8230; the rocks I threw into it tumbled to hell with a din worse than anything I\u2019d ever heard.\u201d On the afternoon of 19 September 1897, an icy wind was blowing when Edouard-Alfred Martel, Armand Vir\u00e9 and Louis Armand arrived at the site. They were heavily equipped, with \u201ca thousand kilos of ladders, ropes, telephone, camp bed and crates of lamps, clothing, supplies, tools, etc.\u201d, wrote Edouard-Alfred Martel. Louis Armand was the first to descend the sheer 75-metre drop, with no major difficulty. As soon as he set foot on top of the conical obstruction, he exclaimed into the telephone, \u201cSuperb! Magnificent! A whole forest of stone! This is a real find!\u201d \u201cMr. Martel, it\u2019s splendid! There are at least 100 columns. The tallest must be about 25 metres. I\u2019ve never seen anything like this.\u201d At dusk he returned to the surface \u201chis face beaming like never before and lighting up even more as he told his story\u201d. The following day, 20 September, it was the turn of Armand Vir\u00e9, then Edouard-Alfred Martel to make the descent. They mapped the entire site after discovering a second, 87-metre well leading further into the depths. The expedition continued until 21 September. Edouard-Alfred Martel states, \u201cSince the chasm was unnamed, I decided on the spot that it would be called the Aven Armand.\u201d<\/p>\n<p>[\/et_pb_text][\/et_pb_column][\/et_pb_row][\/et_pb_section][et_pb_section fb_built=&#8221;1&#8243; _builder_version=&#8221;4.16&#8243; background_color=&#8221;#dfa258&#8243; background_image=&#8221;https:\/\/avenarmand.com\/wp-content\/uploads\/2020\/03\/NOS-VISITES.jpg&#8221; custom_padding=&#8221;||||false|false&#8221; top_divider_style=&#8221;arrow3&#8243; top_divider_color=&#8221;#ffffff&#8221; global_module=&#8221;816&#8243; saved_tabs=&#8221;all&#8221; global_colors_info=&#8221;{}&#8221; theme_builder_area=&#8221;post_content&#8221;][et_pb_row column_structure=&#8221;1_2,1_2&#8243; use_custom_gutter=&#8221;on&#8221; gutter_width=&#8221;1&#8243; make_equal=&#8221;on&#8221; _builder_version=&#8221;4.16&#8243; width=&#8221;100%&#8221; width_tablet=&#8221;80%&#8221; width_phone=&#8221;90%&#8221; width_last_edited=&#8221;on|phone&#8221; max_width=&#8221;2560px&#8221; custom_padding=&#8221;150px||150px||true|false&#8221; locked=&#8221;off&#8221; global_colors_info=&#8221;{}&#8221; theme_builder_area=&#8221;post_content&#8221;][et_pb_column type=&#8221;1_2&#8243; _builder_version=&#8221;4.16&#8243; custom_css_main_element=&#8221;margin: auto;&#8221; global_colors_info=&#8221;{}&#8221; theme_builder_area=&#8221;post_content&#8221;][et_pb_button button_url=&#8221;@ET-DC@eyJkeW5hbWljIjp0cnVlLCJjb250ZW50IjoicG9zdF9saW5rX3VybF9wYWdlIiwic2V0dGluZ3MiOnsicG9zdF9pZCI6IjE2OTAifX0=@&#8221; button_text=&#8221;Jules Verne Tour&#8221; button_alignment=&#8221;center&#8221; _builder_version=&#8221;4.16&#8243; _dynamic_attributes=&#8221;button_url&#8221; custom_button=&#8221;on&#8221; button_text_color=&#8221;#ffffff&#8221; button_bg_color=&#8221;#e0a359&#8243; button_border_width=&#8221;0px&#8221; button_letter_spacing=&#8221;5px&#8221; button_font=&#8221;Barlow|700||on|||||&#8221; button_icon=&#8221;&#x24;||divi||400&#8243; custom_margin=&#8221;50px||50px||true|false&#8221; custom_margin_tablet=&#8221;||25px||false|false&#8221; custom_margin_phone=&#8221;||25px||false|false&#8221; custom_margin_last_edited=&#8221;off|phone&#8221; custom_padding=&#8221;10px|50px|10px|50px|true|true&#8221; global_colors_info=&#8221;{}&#8221; transform_styles__hover_enabled=&#8221;on|hover&#8221; transform_scale__hover_enabled=&#8221;on|hover&#8221; transform_translate__hover_enabled=&#8221;on|desktop&#8221; transform_rotate__hover_enabled=&#8221;on|desktop&#8221; transform_skew__hover_enabled=&#8221;on|desktop&#8221; transform_origin__hover_enabled=&#8221;on|desktop&#8221; transform_scale__hover=&#8221;105%|105%&#8221; theme_builder_area=&#8221;post_content&#8221;][\/et_pb_button][et_pb_button button_url=&#8221;@ET-DC@eyJkeW5hbWljIjp0cnVlLCJjb250ZW50IjoicG9zdF9saW5rX3VybF9wYWdlIiwic2V0dGluZ3MiOnsicG9zdF9pZCI6IjE2MzYifX0=@&#8221; button_text=&#8221;Exploration Tour&#8221; button_alignment=&#8221;center&#8221; disabled_on=&#8221;off|off|on&#8221; _builder_version=&#8221;4.16&#8243; _dynamic_attributes=&#8221;button_url&#8221; custom_button=&#8221;on&#8221; button_text_color=&#8221;#ffffff&#8221; button_bg_color=&#8221;#e0a359&#8243; button_border_width=&#8221;0px&#8221; button_letter_spacing=&#8221;5px&#8221; button_font=&#8221;Barlow|700||on|||||&#8221; button_icon=&#8221;&#x24;||divi||400&#8243; custom_margin=&#8221;50px||50px||true|false&#8221; custom_margin_tablet=&#8221;25px||25px||true|false&#8221; custom_margin_phone=&#8221;50px||50px||true|false&#8221; custom_margin_last_edited=&#8221;off|phone&#8221; custom_padding=&#8221;10px|50px|10px|50px|true|true&#8221; global_colors_info=&#8221;{}&#8221; transform_styles__hover_enabled=&#8221;on|hover&#8221; transform_scale__hover_enabled=&#8221;on|hover&#8221; transform_translate__hover_enabled=&#8221;on|desktop&#8221; transform_rotate__hover_enabled=&#8221;on|desktop&#8221; transform_skew__hover_enabled=&#8221;on|desktop&#8221; transform_origin__hover_enabled=&#8221;on|desktop&#8221; transform_scale__hover=&#8221;105%|105%&#8221; theme_builder_area=&#8221;post_content&#8221;][\/et_pb_button][et_pb_button button_url=&#8221;@ET-DC@eyJkeW5hbWljIjp0cnVlLCJjb250ZW50IjoicG9zdF9saW5rX3VybF9wYWdlIiwic2V0dGluZ3MiOnsicG9zdF9pZCI6IjE3NTAifX0=@&#8221; button_text=&#8221;Alone-in-the-World Tour&#8221; button_alignment=&#8221;center&#8221; disabled_on=&#8221;on|on|off&#8221; _builder_version=&#8221;4.16&#8243; _dynamic_attributes=&#8221;button_url&#8221; custom_button=&#8221;on&#8221; button_text_color=&#8221;#ffffff&#8221; button_bg_color=&#8221;#e0a359&#8243; button_border_width=&#8221;0px&#8221; button_letter_spacing=&#8221;5px&#8221; button_font=&#8221;Barlow|700||on|||||&#8221; button_icon=&#8221;&#x24;||divi||400&#8243; custom_margin=&#8221;||||false|false&#8221; custom_margin_phone=&#8221;25px||||false|false&#8221; custom_margin_last_edited=&#8221;off|phone&#8221; custom_padding=&#8221;10px|48px|10px|48px|true|true&#8221; global_colors_info=&#8221;{}&#8221; transform_styles__hover_enabled=&#8221;on|hover&#8221; transform_scale__hover_enabled=&#8221;on|hover&#8221; transform_translate__hover_enabled=&#8221;on|desktop&#8221; transform_rotate__hover_enabled=&#8221;on|desktop&#8221; transform_skew__hover_enabled=&#8221;on|desktop&#8221; transform_origin__hover_enabled=&#8221;on|desktop&#8221; transform_scale__hover=&#8221;105%|105%&#8221; theme_builder_area=&#8221;post_content&#8221;][\/et_pb_button][\/et_pb_column][et_pb_column type=&#8221;1_2&#8243; _builder_version=&#8221;4.16&#8243; custom_css_main_element=&#8221;margin: auto;&#8221; global_colors_info=&#8221;{}&#8221; theme_builder_area=&#8221;post_content&#8221;][et_pb_button button_url=&#8221;@ET-DC@eyJkeW5hbWljIjp0cnVlLCJjb250ZW50IjoicG9zdF9saW5rX3VybF9wYWdlIiwic2V0dGluZ3MiOnsicG9zdF9pZCI6IjE3NTAifX0=@&#8221; button_text=&#8221;Alone-in-the-World Tour&#8221; button_alignment=&#8221;center&#8221; disabled_on=&#8221;off|off|on&#8221; _builder_version=&#8221;4.16&#8243; _dynamic_attributes=&#8221;button_url&#8221; custom_button=&#8221;on&#8221; button_text_color=&#8221;#ffffff&#8221; button_bg_color=&#8221;#e0a359&#8243; button_border_width=&#8221;0px&#8221; button_letter_spacing=&#8221;5px&#8221; button_font=&#8221;Barlow|700||on|||||&#8221; button_icon=&#8221;&#x24;||divi||400&#8243; custom_margin=&#8221;||||false|false&#8221; custom_margin_phone=&#8221;25px||||false|false&#8221; custom_margin_last_edited=&#8221;off|phone&#8221; custom_padding=&#8221;10px|58px|10px|58px|true|true&#8221; global_colors_info=&#8221;{}&#8221; transform_styles__hover_enabled=&#8221;on|hover&#8221; transform_scale__hover_enabled=&#8221;on|hover&#8221; transform_translate__hover_enabled=&#8221;on|desktop&#8221; transform_rotate__hover_enabled=&#8221;on|desktop&#8221; transform_skew__hover_enabled=&#8221;on|desktop&#8221; transform_origin__hover_enabled=&#8221;on|desktop&#8221; transform_scale__hover=&#8221;105%|105%&#8221; theme_builder_area=&#8221;post_content&#8221;][\/et_pb_button][et_pb_button button_url=&#8221;@ET-DC@eyJkeW5hbWljIjp0cnVlLCJjb250ZW50IjoicG9zdF9saW5rX3VybF9wYWdlIiwic2V0dGluZ3MiOnsicG9zdF9pZCI6IjE2MzYifX0=@&#8221; button_text=&#8221;Exploration Tour&#8221; button_alignment=&#8221;center&#8221; disabled_on=&#8221;on|on|off&#8221; _builder_version=&#8221;4.16&#8243; _dynamic_attributes=&#8221;button_url&#8221; custom_button=&#8221;on&#8221; button_text_color=&#8221;#ffffff&#8221; button_bg_color=&#8221;#e0a359&#8243; button_border_width=&#8221;0px&#8221; button_letter_spacing=&#8221;5px&#8221; button_font=&#8221;Barlow|700||on|||||&#8221; button_icon=&#8221;&#x24;||divi||400&#8243; custom_margin=&#8221;50px||50px||true|false&#8221; custom_margin_tablet=&#8221;25px||25px||true|false&#8221; custom_margin_phone=&#8221;50px||50px||true|false&#8221; custom_margin_last_edited=&#8221;off|phone&#8221; custom_padding=&#8221;10px|62px|10px|62px|true|true&#8221; global_colors_info=&#8221;{}&#8221; transform_styles__hover_enabled=&#8221;on|hover&#8221; transform_scale__hover_enabled=&#8221;on|hover&#8221; transform_translate__hover_enabled=&#8221;on|desktop&#8221; transform_rotate__hover_enabled=&#8221;on|desktop&#8221; transform_skew__hover_enabled=&#8221;on|desktop&#8221; transform_origin__hover_enabled=&#8221;on|desktop&#8221; transform_scale__hover=&#8221;105%|105%&#8221; theme_builder_area=&#8221;post_content&#8221;][\/et_pb_button][et_pb_button button_url=&#8221;@ET-DC@eyJkeW5hbWljIjp0cnVlLCJjb250ZW50IjoicG9zdF9saW5rX3VybF9wYWdlIiwic2V0dGluZ3MiOnsicG9zdF9pZCI6IjE3NTEifX0=@&#8221; button_text=&#8221;Private Tour&#8221; button_alignment=&#8221;center&#8221; _builder_version=&#8221;4.16&#8243; _dynamic_attributes=&#8221;button_url&#8221; custom_button=&#8221;on&#8221; button_text_color=&#8221;#ffffff&#8221; button_bg_color=&#8221;#e0a359&#8243; button_border_width=&#8221;0px&#8221; button_letter_spacing=&#8221;5px&#8221; button_font=&#8221;Barlow|700||on|||||&#8221; button_icon=&#8221;&#x24;||divi||400&#8243; custom_margin=&#8221;||||true|false&#8221; custom_margin_phone=&#8221;25px||||false|false&#8221; custom_margin_last_edited=&#8221;off|phone&#8221; custom_padding=&#8221;10px|60px|10px|60px|true|true&#8221; custom_padding_tablet=&#8221;|60px||60px|true|true&#8221; custom_padding_phone=&#8221;|60px||60px|true|true&#8221; custom_padding_last_edited=&#8221;off|desktop&#8221; global_colors_info=&#8221;{}&#8221; transform_styles__hover_enabled=&#8221;on|hover&#8221; transform_scale__hover_enabled=&#8221;on|hover&#8221; transform_translate__hover_enabled=&#8221;on|desktop&#8221; transform_rotate__hover_enabled=&#8221;on|desktop&#8221; transform_skew__hover_enabled=&#8221;on|desktop&#8221; transform_origin__hover_enabled=&#8221;on|desktop&#8221; transform_scale__hover=&#8221;105%|105%&#8221; theme_builder_area=&#8221;post_content&#8221;][\/et_pb_button][\/et_pb_column][\/et_pb_row][\/et_pb_section]<\/p>\n","protected":false},"excerpt":{"rendered":"<p>Discovery and ExplorationEdouard-Alfred Martel\u2019s moment of glory Unexplored for thousands of years, the Aven Armand was an abyss, a chasm, the subject of terrifying legends like that of the devil\u2019s throat, accused of swallowing herds and lost travellers. It was Louis Armand who discovered the cave. He then explored it with Edouard-Alfred Martel, the father [&hellip;]<\/p>\n","protected":false},"author":1,"featured_media":5163,"parent":5445,"menu_order":0,"comment_status":"closed","ping_status":"closed","template":"","meta":{"_et_pb_use_builder":"on","_et_pb_old_content":"","_et_gb_content_width":"","inline_featured_image":false,"footnotes":""},"class_list":["post-5451","page","type-page","status-publish","has-post-thumbnail","hentry"],"yoast_head":"<!-- This site is optimized with the Yoast SEO plugin v27.4 - https:\/\/yoast.com\/product\/yoast-seo-wordpress\/ -->\n<title>D\u00e9couverte d&#039;une Grotte Unique au Monde | Aven Armand<\/title>\n<meta name=\"description\" content=\"La grotte f\u00fbt d\u00e9couverte par hasard par Louis Armand et Edouard Alfred Martel. D\u00e9couvrez l&#039;histoire vraie de la d\u00e9couverte de l&#039;Aven Armand en Loz\u00e8re.\" \/>\n<meta name=\"robots\" content=\"index, follow, max-snippet:-1, max-image-preview:large, max-video-preview:-1\" \/>\n<link rel=\"canonical\" href=\"https:\/\/avenarmand.com\/en\/history\/discovery-and-exploration\/\" \/>\n<meta property=\"og:locale\" content=\"en_US\" \/>\n<meta property=\"og:type\" content=\"article\" \/>\n<meta property=\"og:title\" content=\"D\u00e9couverte d&#039;une Grotte Unique au Monde | Aven Armand\" \/>\n<meta property=\"og:description\" content=\"La grotte f\u00fbt d\u00e9couverte par hasard par Louis Armand et Edouard Alfred Martel. D\u00e9couvrez l&#039;histoire vraie de la d\u00e9couverte de l&#039;Aven Armand en Loz\u00e8re.\" \/>\n<meta property=\"og:url\" content=\"https:\/\/avenarmand.com\/en\/history\/discovery-and-exploration\/\" \/>\n<meta property=\"og:site_name\" content=\"Aven Armand\" \/>\n<meta property=\"article:modified_time\" content=\"2024-05-13T19:26:05+00:00\" \/>\n<meta property=\"og:image\" content=\"https:\/\/avenarmand.com\/wp-content\/uploads\/2020\/03\/decouverte_04.jpg\" \/>\n\t<meta property=\"og:image:width\" content=\"1600\" \/>\n\t<meta property=\"og:image:height\" content=\"672\" \/>\n\t<meta property=\"og:image:type\" content=\"image\/jpeg\" \/>\n<meta name=\"twitter:card\" content=\"summary_large_image\" \/>\n<meta name=\"twitter:label1\" content=\"Est. reading time\" \/>\n\t<meta name=\"twitter:data1\" content=\"9 minutes\" \/>\n<script type=\"application\/ld+json\" class=\"yoast-schema-graph\">{\"@context\":\"https:\\\/\\\/schema.org\",\"@graph\":[{\"@type\":\"WebPage\",\"@id\":\"https:\\\/\\\/avenarmand.com\\\/en\\\/history\\\/discovery-and-exploration\\\/\",\"url\":\"https:\\\/\\\/avenarmand.com\\\/en\\\/history\\\/discovery-and-exploration\\\/\",\"name\":\"D\u00e9couverte d'une Grotte Unique au Monde | Aven Armand\",\"isPartOf\":{\"@id\":\"https:\\\/\\\/avenarmand.com\\\/en\\\/#website\"},\"primaryImageOfPage\":{\"@id\":\"https:\\\/\\\/avenarmand.com\\\/en\\\/history\\\/discovery-and-exploration\\\/#primaryimage\"},\"image\":{\"@id\":\"https:\\\/\\\/avenarmand.com\\\/en\\\/history\\\/discovery-and-exploration\\\/#primaryimage\"},\"thumbnailUrl\":\"https:\\\/\\\/avenarmand.com\\\/wp-content\\\/uploads\\\/2020\\\/03\\\/decouverte_04.jpg\",\"datePublished\":\"2020-03-27T20:14:14+00:00\",\"dateModified\":\"2024-05-13T19:26:05+00:00\",\"description\":\"La grotte f\u00fbt d\u00e9couverte par hasard par Louis Armand et Edouard Alfred Martel. D\u00e9couvrez l'histoire vraie de la d\u00e9couverte de l'Aven Armand en Loz\u00e8re.\",\"breadcrumb\":{\"@id\":\"https:\\\/\\\/avenarmand.com\\\/en\\\/history\\\/discovery-and-exploration\\\/#breadcrumb\"},\"inLanguage\":\"en-US\",\"potentialAction\":[{\"@type\":\"ReadAction\",\"target\":[\"https:\\\/\\\/avenarmand.com\\\/en\\\/history\\\/discovery-and-exploration\\\/\"]}]},{\"@type\":\"ImageObject\",\"inLanguage\":\"en-US\",\"@id\":\"https:\\\/\\\/avenarmand.com\\\/en\\\/history\\\/discovery-and-exploration\\\/#primaryimage\",\"url\":\"https:\\\/\\\/avenarmand.com\\\/wp-content\\\/uploads\\\/2020\\\/03\\\/decouverte_04.jpg\",\"contentUrl\":\"https:\\\/\\\/avenarmand.com\\\/wp-content\\\/uploads\\\/2020\\\/03\\\/decouverte_04.jpg\",\"width\":1600,\"height\":672},{\"@type\":\"BreadcrumbList\",\"@id\":\"https:\\\/\\\/avenarmand.com\\\/en\\\/history\\\/discovery-and-exploration\\\/#breadcrumb\",\"itemListElement\":[{\"@type\":\"ListItem\",\"position\":1,\"name\":\"Accueil\",\"item\":\"https:\\\/\\\/avenarmand.com\\\/en\\\/\"},{\"@type\":\"ListItem\",\"position\":2,\"name\":\"History\",\"item\":\"https:\\\/\\\/avenarmand.com\\\/en\\\/history\\\/\"},{\"@type\":\"ListItem\",\"position\":3,\"name\":\"Discovery and Exploration\"}]},{\"@type\":\"WebSite\",\"@id\":\"https:\\\/\\\/avenarmand.com\\\/en\\\/#website\",\"url\":\"https:\\\/\\\/avenarmand.com\\\/en\\\/\",\"name\":\"Aven Armand\",\"description\":\"Un patrimoine unique au monde\",\"potentialAction\":[{\"@type\":\"SearchAction\",\"target\":{\"@type\":\"EntryPoint\",\"urlTemplate\":\"https:\\\/\\\/avenarmand.com\\\/en\\\/?s={search_term_string}\"},\"query-input\":{\"@type\":\"PropertyValueSpecification\",\"valueRequired\":true,\"valueName\":\"search_term_string\"}}],\"inLanguage\":\"en-US\"}]}<\/script>\n<!-- \/ Yoast SEO plugin. -->","yoast_head_json":{"title":"D\u00e9couverte d'une Grotte Unique au Monde | Aven Armand","description":"La grotte f\u00fbt d\u00e9couverte par hasard par Louis Armand et Edouard Alfred Martel. D\u00e9couvrez l'histoire vraie de la d\u00e9couverte de l'Aven Armand en Loz\u00e8re.","robots":{"index":"index","follow":"follow","max-snippet":"max-snippet:-1","max-image-preview":"max-image-preview:large","max-video-preview":"max-video-preview:-1"},"canonical":"https:\/\/avenarmand.com\/en\/history\/discovery-and-exploration\/","og_locale":"en_US","og_type":"article","og_title":"D\u00e9couverte d'une Grotte Unique au Monde | Aven Armand","og_description":"La grotte f\u00fbt d\u00e9couverte par hasard par Louis Armand et Edouard Alfred Martel. D\u00e9couvrez l'histoire vraie de la d\u00e9couverte de l'Aven Armand en Loz\u00e8re.","og_url":"https:\/\/avenarmand.com\/en\/history\/discovery-and-exploration\/","og_site_name":"Aven Armand","article_modified_time":"2024-05-13T19:26:05+00:00","og_image":[{"width":1600,"height":672,"url":"https:\/\/avenarmand.com\/wp-content\/uploads\/2020\/03\/decouverte_04.jpg","type":"image\/jpeg"}],"twitter_card":"summary_large_image","twitter_misc":{"Est. reading time":"9 minutes"},"schema":{"@context":"https:\/\/schema.org","@graph":[{"@type":"WebPage","@id":"https:\/\/avenarmand.com\/en\/history\/discovery-and-exploration\/","url":"https:\/\/avenarmand.com\/en\/history\/discovery-and-exploration\/","name":"D\u00e9couverte d'une Grotte Unique au Monde | Aven Armand","isPartOf":{"@id":"https:\/\/avenarmand.com\/en\/#website"},"primaryImageOfPage":{"@id":"https:\/\/avenarmand.com\/en\/history\/discovery-and-exploration\/#primaryimage"},"image":{"@id":"https:\/\/avenarmand.com\/en\/history\/discovery-and-exploration\/#primaryimage"},"thumbnailUrl":"https:\/\/avenarmand.com\/wp-content\/uploads\/2020\/03\/decouverte_04.jpg","datePublished":"2020-03-27T20:14:14+00:00","dateModified":"2024-05-13T19:26:05+00:00","description":"La grotte f\u00fbt d\u00e9couverte par hasard par Louis Armand et Edouard Alfred Martel. D\u00e9couvrez l'histoire vraie de la d\u00e9couverte de l'Aven Armand en Loz\u00e8re.","breadcrumb":{"@id":"https:\/\/avenarmand.com\/en\/history\/discovery-and-exploration\/#breadcrumb"},"inLanguage":"en-US","potentialAction":[{"@type":"ReadAction","target":["https:\/\/avenarmand.com\/en\/history\/discovery-and-exploration\/"]}]},{"@type":"ImageObject","inLanguage":"en-US","@id":"https:\/\/avenarmand.com\/en\/history\/discovery-and-exploration\/#primaryimage","url":"https:\/\/avenarmand.com\/wp-content\/uploads\/2020\/03\/decouverte_04.jpg","contentUrl":"https:\/\/avenarmand.com\/wp-content\/uploads\/2020\/03\/decouverte_04.jpg","width":1600,"height":672},{"@type":"BreadcrumbList","@id":"https:\/\/avenarmand.com\/en\/history\/discovery-and-exploration\/#breadcrumb","itemListElement":[{"@type":"ListItem","position":1,"name":"Accueil","item":"https:\/\/avenarmand.com\/en\/"},{"@type":"ListItem","position":2,"name":"History","item":"https:\/\/avenarmand.com\/en\/history\/"},{"@type":"ListItem","position":3,"name":"Discovery and Exploration"}]},{"@type":"WebSite","@id":"https:\/\/avenarmand.com\/en\/#website","url":"https:\/\/avenarmand.com\/en\/","name":"Aven Armand","description":"Un patrimoine unique au monde","potentialAction":[{"@type":"SearchAction","target":{"@type":"EntryPoint","urlTemplate":"https:\/\/avenarmand.com\/en\/?s={search_term_string}"},"query-input":{"@type":"PropertyValueSpecification","valueRequired":true,"valueName":"search_term_string"}}],"inLanguage":"en-US"}]}},"_links":{"self":[{"href":"https:\/\/avenarmand.com\/en\/wp-json\/wp\/v2\/pages\/5451","targetHints":{"allow":["GET"]}}],"collection":[{"href":"https:\/\/avenarmand.com\/en\/wp-json\/wp\/v2\/pages"}],"about":[{"href":"https:\/\/avenarmand.com\/en\/wp-json\/wp\/v2\/types\/page"}],"author":[{"embeddable":true,"href":"https:\/\/avenarmand.com\/en\/wp-json\/wp\/v2\/users\/1"}],"replies":[{"embeddable":true,"href":"https:\/\/avenarmand.com\/en\/wp-json\/wp\/v2\/comments?post=5451"}],"version-history":[{"count":0,"href":"https:\/\/avenarmand.com\/en\/wp-json\/wp\/v2\/pages\/5451\/revisions"}],"up":[{"embeddable":true,"href":"https:\/\/avenarmand.com\/en\/wp-json\/wp\/v2\/pages\/5445"}],"wp:featuredmedia":[{"embeddable":true,"href":"https:\/\/avenarmand.com\/en\/wp-json\/wp\/v2\/media\/5163"}],"wp:attachment":[{"href":"https:\/\/avenarmand.com\/en\/wp-json\/wp\/v2\/media?parent=5451"}],"curies":[{"name":"wp","href":"https:\/\/api.w.org\/{rel}","templated":true}]}}