{"id":5474,"date":"2024-02-04T18:15:48","date_gmt":"2024-02-04T17:15:48","guid":{"rendered":"https:\/\/avenarmand.com\/on-site-amenities\/speleo-club\/"},"modified":"2026-03-17T14:17:24","modified_gmt":"2026-03-17T13:17:24","slug":"speleo-club","status":"publish","type":"page","link":"https:\/\/avenarmand.com\/en\/on-site-amenities\/speleo-club\/","title":{"rendered":"Speleo Club"},"content":{"rendered":"<p>[et_pb_section fb_built=&#8221;1&#8243; fullwidth=&#8221;on&#8221; _builder_version=&#8221;4.16&#8243; bottom_divider_style=&#8221;arrow3&#8243; bottom_divider_color=&#8221;#ffffff&#8221; global_colors_info=&#8221;{}&#8221; theme_builder_area=&#8221;post_content&#8221;][et_pb_fullwidth_slider _builder_version=&#8221;4.27.6&#8243; content_width=&#8221;100%&#8221; height=&#8221;500px&#8221; auto=&#8221;on&#8221; auto_speed=&#8221;4000&#8243; hover_enabled=&#8221;0&#8243; global_colors_info=&#8221;{}&#8221; theme_builder_area=&#8221;post_content&#8221; sticky_enabled=&#8221;0&#8243;][et_pb_slide _builder_version=&#8221;4.27.6&#8243; background_color=&#8221;#e9ecef&#8221; background_enable_color=&#8221;on&#8221; background_image=&#8221;https:\/\/avenarmand.com\/wp-content\/uploads\/2026\/03\/TOP_SPELEOCLUB_02.jpg&#8221; background_enable_image=&#8221;on&#8221; hover_enabled=&#8221;0&#8243; global_colors_info=&#8221;{}&#8221; sticky_transition=&#8221;on&#8221; theme_builder_area=&#8221;post_content&#8221; sticky_enabled=&#8221;0&#8243; title_text=&#8221;TOP_SPELEOCLUB_02&#8243;][\/et_pb_slide][et_pb_slide _builder_version=&#8221;4.27.6&#8243; background_color=&#8221;#e9ecef&#8221; background_enable_color=&#8221;on&#8221; background_image=&#8221;https:\/\/avenarmand.com\/wp-content\/uploads\/2026\/03\/TOP_SPELEOCLUB_04.jpg&#8221; background_enable_image=&#8221;on&#8221; hover_enabled=&#8221;0&#8243; global_colors_info=&#8221;{}&#8221; sticky_transition=&#8221;on&#8221; theme_builder_area=&#8221;post_content&#8221; sticky_enabled=&#8221;0&#8243; title_text=&#8221;TOP_SPELEOCLUB_04&#8243;][\/et_pb_slide][et_pb_slide _builder_version=&#8221;4.27.6&#8243; background_color=&#8221;#e9ecef&#8221; background_enable_color=&#8221;on&#8221; background_image=&#8221;https:\/\/avenarmand.com\/wp-content\/uploads\/2026\/03\/TOP_SPELEOCLUB_03.jpg&#8221; background_enable_image=&#8221;on&#8221; hover_enabled=&#8221;0&#8243; global_colors_info=&#8221;{}&#8221; sticky_transition=&#8221;on&#8221; theme_builder_area=&#8221;post_content&#8221; sticky_enabled=&#8221;0&#8243; title_text=&#8221;TOP_SPELEOCLUB_03&#8243;][\/et_pb_slide][\/et_pb_fullwidth_slider][\/et_pb_section][et_pb_section fb_built=&#8221;1&#8243; _builder_version=&#8221;4.16&#8243; custom_padding=&#8221;0px||||false|false&#8221; global_colors_info=&#8221;{}&#8221; theme_builder_area=&#8221;post_content&#8221;][et_pb_row _builder_version=&#8221;4.16&#8243; width_tablet=&#8221;90%&#8221; width_phone=&#8221;&#8221; width_last_edited=&#8221;on|phone&#8221; max_width=&#8221;2560px&#8221; custom_margin=&#8221;||100px||false|false&#8221; custom_padding=&#8221;0px||||false|false&#8221; global_colors_info=&#8221;{}&#8221; width__hover_enabled=&#8221;off|desktop&#8221; theme_builder_area=&#8221;post_content&#8221;][et_pb_column type=&#8221;4_4&#8243; _builder_version=&#8221;4.16&#8243; global_colors_info=&#8221;{}&#8221; theme_builder_area=&#8221;post_content&#8221;][et_pb_text _builder_version=&#8221;4.16&#8243; header_font=&#8221;Barlow|300||on|||||&#8221; header_text_align=&#8221;center&#8221; header_text_color=&#8221;#dfa258&#8243; header_font_size=&#8221;40px&#8221; header_letter_spacing=&#8221;5px&#8221; custom_margin=&#8221;50px||50px||true|false&#8221; global_colors_info=&#8221;{}&#8221; theme_builder_area=&#8221;post_content&#8221;]<\/p>\n<h1>Speleo Club<\/h1>\n<p>[\/et_pb_text][et_pb_image src=&#8221;https:\/\/avenarmand.com\/wp-content\/uploads\/2020\/03\/AA_SEPARATEUR.jpg&#8221; align=&#8221;center&#8221; _builder_version=&#8221;4.16&#8243; global_colors_info=&#8221;{}&#8221; theme_builder_area=&#8221;post_content&#8221;][\/et_pb_image][et_pb_text _builder_version=&#8221;4.24.2&#8243; text_line_height=&#8221;1.8em&#8221; link_text_color=&#8221;#153961&#8243; header_text_color=&#8221;#ffffff&#8221; header_2_text_align=&#8221;left&#8221; header_2_text_color=&#8221;#153961&#8243; header_3_text_color=&#8221;#153961&#8243; text_orientation=&#8221;justified&#8221; global_colors_info=&#8221;{}&#8221; theme_builder_area=&#8221;post_content&#8221;]<\/p>\n<h2><strong>The Sp\u00e9l\u00e9o Club of Aven Armand: Your Flexible Space for Groups<\/strong><\/h2>\n<p><\/p>\n<p>Looking for an <strong>original venue<\/strong> to host a seminar, conference, corporate meal, or group meeting? The <strong>Sp\u00e9l\u00e9o Club of Aven Armand<\/strong> welcomes you to a <strong>unique space inspired by speleology<\/strong>, located on the ground floor and fully privatizable for your event.<\/p>\n<p><\/p>\n<h2><strong>A Modular, Fully Equipped Room<\/strong><\/h2>\n<p><\/p>\n<p>Our <strong>multi-purpose room<\/strong> adapts to your needs and the configuration of your event:<\/p>\n<p><\/p>\n<ul>\n<li>\n<p><strong>Conferences and meetings:<\/strong> up to <strong>80 people<\/strong> with available sound equipment.<\/p>\n<\/li>\n<li>\n<p><strong>Meals and catering:<\/strong> up to <strong>50 people<\/strong> for a lunch or buffet-style gathering.<\/p>\n<\/li>\n<li>\n<p><strong>Custom events:<\/strong> the room can accommodate up to <strong>100 people<\/strong>, depending on the chosen layout.<\/p>\n<\/li>\n<\/ul>\n<p><\/p>\n<p>The room opens onto an <strong>outdoor space with breathtaking views<\/strong> of the Causse M\u00e9jean, perfect for breaks or outdoor activities. Nearby, you will also find:<\/p>\n<p><\/p>\n<ul>\n<li>\n<p>the <strong>Sp\u00e9l\u00e9o Caf\u00e9<\/strong>, our bistro with terrace<\/p>\n<\/li>\n<li>\n<p>our <strong>zen area<\/strong> for relaxation<\/p>\n<\/li>\n<li>\n<p>the <strong>departure point for Aven Armand visits<\/strong> and the <strong>Sp\u00e9l\u00e9o Station<\/strong><\/p>\n<\/li>\n<\/ul>\n<p><\/p>\n<h2><strong>A Unique Experience for Your Groups<\/strong><\/h2>\n<p><\/p>\n<p>The Sp\u00e9l\u00e9o Club is designed as a <strong>speleo-themed club open to your groups<\/strong>, a space where participants can combine <strong>work, conviviality, and discovery<\/strong>. For example, corporate teams can spend the day at Aven Armand by organizing:<\/p>\n<p><\/p>\n<ul>\n<li>\n<p>a <strong>meeting or seminar<\/strong> in our privatized room<\/p>\n<\/li>\n<li>\n<p>a <strong>typical Causse meal<\/strong> in a warm and welcoming setting<\/p>\n<\/li>\n<li>\n<p>a <strong>guided tour of the cave<\/strong>, for an unforgettable experience<\/p>\n<\/li>\n<\/ul>\n<p><\/p>\n<h3>\u00a0<\/h3>\n<p><\/p>\n<h2><strong>Practical Information<\/strong><\/h2>\n<p><\/p>\n<ul>\n<li>\n<p><strong>Capacity:<\/strong> up to 100 people, depending on layout<\/p>\n<\/li>\n<li>\n<p><strong>Accessibility:<\/strong> ground-floor room, suitable for all<\/p>\n<\/li>\n<li>\n<p><strong>Parking:<\/strong> less than 5 minutes\u2019 walk<\/p>\n<\/li>\n<li>\n<p>Privatization:<\/strong> possible for a fully customized event<\/p>\n<\/li>\n<\/ul>\n<p><\/p>\n<p>Offer your team or groups a <strong>unique day in an exceptional setting<\/strong>, surrounded by nature, speleology, and comfort. The <strong>Sp\u00e9l\u00e9o Club of Aven Armand<\/strong> transforms your events into <strong>unforgettable experiences<\/strong>.<\/p>\n<p>[\/et_pb_text][et_pb_gallery gallery_ids=&#8221;7351,7352,7353,7354,7355,7356,7357,7358&#8243; posts_number=&#8221;20&#8243; show_title_and_caption=&#8221;off&#8221; show_pagination=&#8221;off&#8221; zoom_icon_color=&#8221;#ffffff&#8221; hover_overlay_color=&#8221;rgba(0,0,0,0)&#8221; hover_icon=&#8221;&#x30;||divi||400&#8243; _builder_version=&#8221;4.27.6&#8243; caption_font=&#8221;Barlow||||||||&#8221; locked=&#8221;off&#8221; global_colors_info=&#8221;{}&#8221; theme_builder_area=&#8221;post_content&#8221;][\/et_pb_gallery][\/et_pb_column][\/et_pb_row][\/et_pb_section][et_pb_section fb_built=&#8221;1&#8243; _builder_version=&#8221;4.27.4&#8243; background_color=&#8221;#dfa258&#8243; background_image=&#8221;https:\/\/avenarmand.com\/wp-content\/uploads\/2020\/03\/NOS-VISITES.jpg&#8221; custom_margin=&#8221;||0px||false|false&#8221; custom_padding=&#8221;||0px||false|false&#8221; top_divider_style=&#8221;arrow3&#8243; top_divider_color=&#8221;#ffffff&#8221; global_module=&#8221;816&#8243; saved_tabs=&#8221;all&#8221; global_colors_info=&#8221;{}&#8221; theme_builder_area=&#8221;post_content&#8221;][et_pb_row column_structure=&#8221;1_2,1_2&#8243; use_custom_gutter=&#8221;on&#8221; gutter_width=&#8221;1&#8243; make_equal=&#8221;on&#8221; _builder_version=&#8221;4.27.4&#8243; width=&#8221;100%&#8221; width_tablet=&#8221;80%&#8221; width_phone=&#8221;90%&#8221; width_last_edited=&#8221;on|phone&#8221; max_width=&#8221;2560px&#8221; custom_padding=&#8221;150px||150px||true|false&#8221; locked=&#8221;off&#8221; global_colors_info=&#8221;{}&#8221; theme_builder_area=&#8221;post_content&#8221;][et_pb_column type=&#8221;1_2&#8243; _builder_version=&#8221;4.27.4&#8243; global_colors_info=&#8221;{}&#8221; theme_builder_area=&#8221;post_content&#8221;][et_pb_button button_url=&#8221;@ET-DC@eyJkeW5hbWljIjp0cnVlLCJjb250ZW50IjoicG9zdF9saW5rX3VybF9wYWdlIiwic2V0dGluZ3MiOnsicG9zdF9pZCI6IjE2OTAifX0=@&#8221; button_text=&#8221;Jules Verne Tour&#8221; button_alignment=&#8221;center&#8221; _builder_version=&#8221;4.16&#8243; _dynamic_attributes=&#8221;button_url&#8221; custom_button=&#8221;on&#8221; button_text_color=&#8221;#ffffff&#8221; button_bg_color=&#8221;#e0a359&#8243; button_border_width=&#8221;0px&#8221; button_letter_spacing=&#8221;5px&#8221; button_font=&#8221;Barlow|700||on|||||&#8221; button_icon=&#8221;&#x24;||divi||400&#8243; custom_margin=&#8221;50px||50px||true|false&#8221; custom_margin_tablet=&#8221;||25px||false|false&#8221; custom_margin_phone=&#8221;||25px||false|false&#8221; custom_margin_last_edited=&#8221;off|phone&#8221; custom_padding=&#8221;10px|50px|10px|50px|true|true&#8221; global_colors_info=&#8221;{}&#8221; transform_styles__hover_enabled=&#8221;on|hover&#8221; transform_scale__hover_enabled=&#8221;on|hover&#8221; transform_translate__hover_enabled=&#8221;on|desktop&#8221; transform_rotate__hover_enabled=&#8221;on|desktop&#8221; transform_skew__hover_enabled=&#8221;on|desktop&#8221; transform_origin__hover_enabled=&#8221;on|desktop&#8221; transform_scale__hover=&#8221;105%|105%&#8221; theme_builder_area=&#8221;post_content&#8221;][\/et_pb_button][et_pb_button button_url=&#8221;@ET-DC@eyJkeW5hbWljIjp0cnVlLCJjb250ZW50IjoicG9zdF9saW5rX3VybF9wYWdlIiwic2V0dGluZ3MiOnsicG9zdF9pZCI6IjE2MzYifX0=@&#8221; button_text=&#8221;Exploration Tour&#8221; button_alignment=&#8221;center&#8221; disabled_on=&#8221;off|off|on&#8221; _builder_version=&#8221;4.16&#8243; _dynamic_attributes=&#8221;button_url&#8221; custom_button=&#8221;on&#8221; button_text_color=&#8221;#ffffff&#8221; button_bg_color=&#8221;#e0a359&#8243; button_border_width=&#8221;0px&#8221; button_letter_spacing=&#8221;5px&#8221; button_font=&#8221;Barlow|700||on|||||&#8221; button_icon=&#8221;&#x24;||divi||400&#8243; custom_margin=&#8221;50px||50px||true|false&#8221; custom_margin_tablet=&#8221;25px||25px||true|false&#8221; custom_margin_phone=&#8221;50px||50px||true|false&#8221; custom_margin_last_edited=&#8221;off|phone&#8221; custom_padding=&#8221;10px|50px|10px|50px|true|true&#8221; global_colors_info=&#8221;{}&#8221; transform_styles__hover_enabled=&#8221;on|hover&#8221; transform_scale__hover_enabled=&#8221;on|hover&#8221; transform_translate__hover_enabled=&#8221;on|desktop&#8221; transform_rotate__hover_enabled=&#8221;on|desktop&#8221; transform_skew__hover_enabled=&#8221;on|desktop&#8221; transform_origin__hover_enabled=&#8221;on|desktop&#8221; transform_scale__hover=&#8221;105%|105%&#8221; theme_builder_area=&#8221;post_content&#8221;][\/et_pb_button][et_pb_button button_url=&#8221;@ET-DC@eyJkeW5hbWljIjp0cnVlLCJjb250ZW50IjoicG9zdF9saW5rX3VybF9wYWdlIiwic2V0dGluZ3MiOnsicG9zdF9pZCI6IjE3NTAifX0=@&#8221; button_text=&#8221;Alone-in-the-World Tour&#8221; button_alignment=&#8221;center&#8221; disabled_on=&#8221;on|on|off&#8221; _builder_version=&#8221;4.16&#8243; _dynamic_attributes=&#8221;button_url&#8221; custom_button=&#8221;on&#8221; button_text_color=&#8221;#ffffff&#8221; button_bg_color=&#8221;#e0a359&#8243; button_border_width=&#8221;0px&#8221; button_letter_spacing=&#8221;5px&#8221; button_font=&#8221;Barlow|700||on|||||&#8221; button_icon=&#8221;&#x24;||divi||400&#8243; custom_margin=&#8221;||||false|false&#8221; custom_margin_phone=&#8221;25px||||false|false&#8221; custom_margin_last_edited=&#8221;off|phone&#8221; custom_padding=&#8221;10px|48px|10px|48px|true|true&#8221; global_colors_info=&#8221;{}&#8221; transform_styles__hover_enabled=&#8221;on|hover&#8221; transform_scale__hover_enabled=&#8221;on|hover&#8221; transform_translate__hover_enabled=&#8221;on|desktop&#8221; transform_rotate__hover_enabled=&#8221;on|desktop&#8221; transform_skew__hover_enabled=&#8221;on|desktop&#8221; transform_origin__hover_enabled=&#8221;on|desktop&#8221; transform_scale__hover=&#8221;105%|105%&#8221; theme_builder_area=&#8221;post_content&#8221;][\/et_pb_button][\/et_pb_column][et_pb_column type=&#8221;1_2&#8243; _builder_version=&#8221;4.27.4&#8243; global_colors_info=&#8221;{}&#8221; theme_builder_area=&#8221;post_content&#8221;][et_pb_button button_url=&#8221;@ET-DC@eyJkeW5hbWljIjp0cnVlLCJjb250ZW50IjoicG9zdF9saW5rX3VybF9wYWdlIiwic2V0dGluZ3MiOnsicG9zdF9pZCI6IjE3NTAifX0=@&#8221; button_text=&#8221;Alone-in-the-World Tour&#8221; button_alignment=&#8221;center&#8221; disabled_on=&#8221;off|off|on&#8221; _builder_version=&#8221;4.16&#8243; _dynamic_attributes=&#8221;button_url&#8221; custom_button=&#8221;on&#8221; button_text_color=&#8221;#ffffff&#8221; button_bg_color=&#8221;#e0a359&#8243; button_border_width=&#8221;0px&#8221; button_letter_spacing=&#8221;5px&#8221; button_font=&#8221;Barlow|700||on|||||&#8221; button_icon=&#8221;&#x24;||divi||400&#8243; custom_margin=&#8221;||||false|false&#8221; custom_margin_phone=&#8221;25px||||false|false&#8221; custom_margin_last_edited=&#8221;off|phone&#8221; custom_padding=&#8221;10px|58px|10px|58px|true|true&#8221; global_colors_info=&#8221;{}&#8221; transform_styles__hover_enabled=&#8221;on|hover&#8221; transform_scale__hover_enabled=&#8221;on|hover&#8221; transform_translate__hover_enabled=&#8221;on|desktop&#8221; transform_rotate__hover_enabled=&#8221;on|desktop&#8221; transform_skew__hover_enabled=&#8221;on|desktop&#8221; transform_origin__hover_enabled=&#8221;on|desktop&#8221; transform_scale__hover=&#8221;105%|105%&#8221; theme_builder_area=&#8221;post_content&#8221;][\/et_pb_button][et_pb_button button_url=&#8221;@ET-DC@eyJkeW5hbWljIjp0cnVlLCJjb250ZW50IjoicG9zdF9saW5rX3VybF9wYWdlIiwic2V0dGluZ3MiOnsicG9zdF9pZCI6IjE2MzYifX0=@&#8221; button_text=&#8221;Exploration Tour&#8221; button_alignment=&#8221;center&#8221; disabled_on=&#8221;on|on|off&#8221; _builder_version=&#8221;4.16&#8243; _dynamic_attributes=&#8221;button_url&#8221; custom_button=&#8221;on&#8221; button_text_color=&#8221;#ffffff&#8221; button_bg_color=&#8221;#e0a359&#8243; button_border_width=&#8221;0px&#8221; button_letter_spacing=&#8221;5px&#8221; button_font=&#8221;Barlow|700||on|||||&#8221; button_icon=&#8221;&#x24;||divi||400&#8243; custom_margin=&#8221;50px||50px||true|false&#8221; custom_margin_tablet=&#8221;25px||25px||true|false&#8221; custom_margin_phone=&#8221;50px||50px||true|false&#8221; custom_margin_last_edited=&#8221;off|phone&#8221; custom_padding=&#8221;10px|62px|10px|62px|true|true&#8221; global_colors_info=&#8221;{}&#8221; transform_styles__hover_enabled=&#8221;on|hover&#8221; transform_scale__hover_enabled=&#8221;on|hover&#8221; transform_translate__hover_enabled=&#8221;on|desktop&#8221; transform_rotate__hover_enabled=&#8221;on|desktop&#8221; transform_skew__hover_enabled=&#8221;on|desktop&#8221; transform_origin__hover_enabled=&#8221;on|desktop&#8221; transform_scale__hover=&#8221;105%|105%&#8221; theme_builder_area=&#8221;post_content&#8221;][\/et_pb_button][et_pb_button button_url=&#8221;@ET-DC@eyJkeW5hbWljIjp0cnVlLCJjb250ZW50IjoicG9zdF9saW5rX3VybF9wYWdlIiwic2V0dGluZ3MiOnsicG9zdF9pZCI6IjE3NTEifX0=@&#8221; button_text=&#8221;Private Tour&#8221; button_alignment=&#8221;center&#8221; _builder_version=&#8221;4.16&#8243; _dynamic_attributes=&#8221;button_url&#8221; custom_button=&#8221;on&#8221; button_text_color=&#8221;#ffffff&#8221; button_bg_color=&#8221;#e0a359&#8243; button_border_width=&#8221;0px&#8221; button_letter_spacing=&#8221;5px&#8221; button_font=&#8221;Barlow|700||on|||||&#8221; button_icon=&#8221;&#x24;||divi||400&#8243; custom_margin=&#8221;||||true|false&#8221; custom_margin_phone=&#8221;25px||||false|false&#8221; custom_margin_last_edited=&#8221;off|phone&#8221; custom_padding=&#8221;10px|60px|10px|60px|true|true&#8221; custom_padding_tablet=&#8221;|60px||60px|true|true&#8221; custom_padding_phone=&#8221;|60px||60px|true|true&#8221; custom_padding_last_edited=&#8221;off|desktop&#8221; global_colors_info=&#8221;{}&#8221; transform_styles__hover_enabled=&#8221;on|hover&#8221; transform_scale__hover_enabled=&#8221;on|hover&#8221; transform_translate__hover_enabled=&#8221;on|desktop&#8221; transform_rotate__hover_enabled=&#8221;on|desktop&#8221; transform_skew__hover_enabled=&#8221;on|desktop&#8221; transform_origin__hover_enabled=&#8221;on|desktop&#8221; transform_scale__hover=&#8221;105%|105%&#8221; theme_builder_area=&#8221;post_content&#8221;][\/et_pb_button][\/et_pb_column][\/et_pb_row][\/et_pb_section]<\/p>\n","protected":false},"excerpt":{"rendered":"<p>Speleo ClubThe Sp\u00e9l\u00e9o Club of Aven Armand: Your Flexible Space for GroupsLooking for an original venue to host a seminar, conference, corporate meal, or group meeting? The Sp\u00e9l\u00e9o Club of Aven Armand welcomes you to a unique space inspired by speleology, located on the ground floor and fully privatizable for your event.A Modular, Fully Equipped [&hellip;]<\/p>\n","protected":false},"author":1,"featured_media":0,"parent":5465,"menu_order":0,"comment_status":"closed","ping_status":"closed","template":"","meta":{"_et_pb_use_builder":"on","_et_pb_old_content":"","_et_gb_content_width":"","inline_featured_image":false,"footnotes":""},"class_list":["post-5474","page","type-page","status-publish","hentry"],"yoast_head":"<!-- This site is optimized with the Yoast SEO plugin v27.4 - https:\/\/yoast.com\/product\/yoast-seo-wordpress\/ -->\n<title>Speleo Club - Aven Armand<\/title>\n<meta name=\"robots\" content=\"index, follow, max-snippet:-1, max-image-preview:large, max-video-preview:-1\" \/>\n<link rel=\"canonical\" href=\"https:\/\/avenarmand.com\/en\/on-site-amenities\/speleo-club\/\" \/>\n<meta property=\"og:locale\" content=\"en_US\" \/>\n<meta property=\"og:type\" content=\"article\" \/>\n<meta property=\"og:title\" content=\"Speleo Club - Aven Armand\" \/>\n<meta property=\"og:description\" content=\"Speleo ClubThe Sp\u00e9l\u00e9o Club of Aven Armand: Your Flexible Space for GroupsLooking for an original venue to host a seminar, conference, corporate meal, or group meeting? The Sp\u00e9l\u00e9o Club of Aven Armand welcomes you to a unique space inspired by speleology, located on the ground floor and fully privatizable for your event.A Modular, Fully Equipped [&hellip;]\" \/>\n<meta property=\"og:url\" content=\"https:\/\/avenarmand.com\/en\/on-site-amenities\/speleo-club\/\" \/>\n<meta property=\"og:site_name\" content=\"Aven Armand\" \/>\n<meta property=\"article:modified_time\" content=\"2026-03-17T13:17:24+00:00\" \/>\n<meta name=\"twitter:card\" content=\"summary_large_image\" \/>\n<meta name=\"twitter:label1\" content=\"Est. reading time\" \/>\n\t<meta name=\"twitter:data1\" content=\"9 minutes\" \/>\n<script type=\"application\/ld+json\" class=\"yoast-schema-graph\">{\"@context\":\"https:\\\/\\\/schema.org\",\"@graph\":[{\"@type\":\"WebPage\",\"@id\":\"https:\\\/\\\/avenarmand.com\\\/en\\\/on-site-amenities\\\/speleo-club\\\/\",\"url\":\"https:\\\/\\\/avenarmand.com\\\/en\\\/on-site-amenities\\\/speleo-club\\\/\",\"name\":\"Speleo Club - Aven Armand\",\"isPartOf\":{\"@id\":\"https:\\\/\\\/avenarmand.com\\\/en\\\/#website\"},\"datePublished\":\"2024-02-04T17:15:48+00:00\",\"dateModified\":\"2026-03-17T13:17:24+00:00\",\"breadcrumb\":{\"@id\":\"https:\\\/\\\/avenarmand.com\\\/en\\\/on-site-amenities\\\/speleo-club\\\/#breadcrumb\"},\"inLanguage\":\"en-US\",\"potentialAction\":[{\"@type\":\"ReadAction\",\"target\":[\"https:\\\/\\\/avenarmand.com\\\/en\\\/on-site-amenities\\\/speleo-club\\\/\"]}]},{\"@type\":\"BreadcrumbList\",\"@id\":\"https:\\\/\\\/avenarmand.com\\\/en\\\/on-site-amenities\\\/speleo-club\\\/#breadcrumb\",\"itemListElement\":[{\"@type\":\"ListItem\",\"position\":1,\"name\":\"Accueil\",\"item\":\"https:\\\/\\\/avenarmand.com\\\/en\\\/\"},{\"@type\":\"ListItem\",\"position\":2,\"name\":\"On-site Amenities\",\"item\":\"https:\\\/\\\/avenarmand.com\\\/en\\\/on-site-amenities\\\/\"},{\"@type\":\"ListItem\",\"position\":3,\"name\":\"Speleo Club\"}]},{\"@type\":\"WebSite\",\"@id\":\"https:\\\/\\\/avenarmand.com\\\/en\\\/#website\",\"url\":\"https:\\\/\\\/avenarmand.com\\\/en\\\/\",\"name\":\"Aven Armand\",\"description\":\"Un patrimoine unique au monde\",\"potentialAction\":[{\"@type\":\"SearchAction\",\"target\":{\"@type\":\"EntryPoint\",\"urlTemplate\":\"https:\\\/\\\/avenarmand.com\\\/en\\\/?s={search_term_string}\"},\"query-input\":{\"@type\":\"PropertyValueSpecification\",\"valueRequired\":true,\"valueName\":\"search_term_string\"}}],\"inLanguage\":\"en-US\"}]}<\/script>\n<!-- \/ Yoast SEO plugin. -->","yoast_head_json":{"title":"Speleo Club - Aven Armand","robots":{"index":"index","follow":"follow","max-snippet":"max-snippet:-1","max-image-preview":"max-image-preview:large","max-video-preview":"max-video-preview:-1"},"canonical":"https:\/\/avenarmand.com\/en\/on-site-amenities\/speleo-club\/","og_locale":"en_US","og_type":"article","og_title":"Speleo Club - Aven Armand","og_description":"Speleo ClubThe Sp\u00e9l\u00e9o Club of Aven Armand: Your Flexible Space for GroupsLooking for an original venue to host a seminar, conference, corporate meal, or group meeting? The Sp\u00e9l\u00e9o Club of Aven Armand welcomes you to a unique space inspired by speleology, located on the ground floor and fully privatizable for your event.A Modular, Fully Equipped [&hellip;]","og_url":"https:\/\/avenarmand.com\/en\/on-site-amenities\/speleo-club\/","og_site_name":"Aven Armand","article_modified_time":"2026-03-17T13:17:24+00:00","twitter_card":"summary_large_image","twitter_misc":{"Est. reading time":"9 minutes"},"schema":{"@context":"https:\/\/schema.org","@graph":[{"@type":"WebPage","@id":"https:\/\/avenarmand.com\/en\/on-site-amenities\/speleo-club\/","url":"https:\/\/avenarmand.com\/en\/on-site-amenities\/speleo-club\/","name":"Speleo Club - Aven Armand","isPartOf":{"@id":"https:\/\/avenarmand.com\/en\/#website"},"datePublished":"2024-02-04T17:15:48+00:00","dateModified":"2026-03-17T13:17:24+00:00","breadcrumb":{"@id":"https:\/\/avenarmand.com\/en\/on-site-amenities\/speleo-club\/#breadcrumb"},"inLanguage":"en-US","potentialAction":[{"@type":"ReadAction","target":["https:\/\/avenarmand.com\/en\/on-site-amenities\/speleo-club\/"]}]},{"@type":"BreadcrumbList","@id":"https:\/\/avenarmand.com\/en\/on-site-amenities\/speleo-club\/#breadcrumb","itemListElement":[{"@type":"ListItem","position":1,"name":"Accueil","item":"https:\/\/avenarmand.com\/en\/"},{"@type":"ListItem","position":2,"name":"On-site Amenities","item":"https:\/\/avenarmand.com\/en\/on-site-amenities\/"},{"@type":"ListItem","position":3,"name":"Speleo Club"}]},{"@type":"WebSite","@id":"https:\/\/avenarmand.com\/en\/#website","url":"https:\/\/avenarmand.com\/en\/","name":"Aven Armand","description":"Un patrimoine unique au monde","potentialAction":[{"@type":"SearchAction","target":{"@type":"EntryPoint","urlTemplate":"https:\/\/avenarmand.com\/en\/?s={search_term_string}"},"query-input":{"@type":"PropertyValueSpecification","valueRequired":true,"valueName":"search_term_string"}}],"inLanguage":"en-US"}]}},"_links":{"self":[{"href":"https:\/\/avenarmand.com\/en\/wp-json\/wp\/v2\/pages\/5474","targetHints":{"allow":["GET"]}}],"collection":[{"href":"https:\/\/avenarmand.com\/en\/wp-json\/wp\/v2\/pages"}],"about":[{"href":"https:\/\/avenarmand.com\/en\/wp-json\/wp\/v2\/types\/page"}],"author":[{"embeddable":true,"href":"https:\/\/avenarmand.com\/en\/wp-json\/wp\/v2\/users\/1"}],"replies":[{"embeddable":true,"href":"https:\/\/avenarmand.com\/en\/wp-json\/wp\/v2\/comments?post=5474"}],"version-history":[{"count":4,"href":"https:\/\/avenarmand.com\/en\/wp-json\/wp\/v2\/pages\/5474\/revisions"}],"predecessor-version":[{"id":7365,"href":"https:\/\/avenarmand.com\/en\/wp-json\/wp\/v2\/pages\/5474\/revisions\/7365"}],"up":[{"embeddable":true,"href":"https:\/\/avenarmand.com\/en\/wp-json\/wp\/v2\/pages\/5465"}],"wp:attachment":[{"href":"https:\/\/avenarmand.com\/en\/wp-json\/wp\/v2\/media?parent=5474"}],"curies":[{"name":"wp","href":"https:\/\/api.w.org\/{rel}","templated":true}]}}